{"id":893,"date":"2018-10-15T11:09:43","date_gmt":"2018-10-15T09:09:43","guid":{"rendered":"http:\/\/www.taekwondo-elm.de\/?page_id=893"},"modified":"2018-10-15T11:09:43","modified_gmt":"2018-10-15T09:09:43","slug":"taekwondo","status":"publish","type":"page","link":"https:\/\/www.korutaekwondo.de\/?page_id=893","title":{"rendered":"Taekwondo"},"content":{"rendered":"<p><strong>Taekwondo<\/strong> ist eine koreanische <a title=\"Kampfkunst\" href=\"https:\/\/de.wikipedia.org\/wiki\/Kampfkunst\">Kampfkunst<\/a>, die oft als <a title=\"Kampfsport\" href=\"https:\/\/de.wikipedia.org\/wiki\/Kampfsport\">Kampfsport<\/a> ausge\u00fcbt wird. Die drei Silben des Namens stehen f\u00fcr Fu\u00dftechnik <i>(tae)<\/i>, Handtechnik <i>(kwon)<\/i> und Weg <i>(do)<\/i>. Obwohl Taekwondo gro\u00dfe \u00c4hnlichkeiten mit anderen asiatischen Kampfsportarten aufweist, unterscheidet es sich in einigen wesentlichen Punkten von diesen. So ist die <a title=\"Taekwondo-Technik\" href=\"https:\/\/de.wikipedia.org\/wiki\/Taekwondo-Technik\">Taekwondo-Technik<\/a> sehr auf Schnelligkeit und Dynamik ausgelegt, was nicht zuletzt durch den Wettkampf bedingt ist. Im Taekwondo dominieren Fu\u00dftechniken deutlicher als in vergleichbaren Kampfsportarten.<\/p>\n<ul>\n<li><i>tae<\/i> = \u201eFu\u00df\u201c (steht f\u00fcr alle Fu\u00dftechniken),<\/li>\n<li><i>kwon<\/i> = \u201eFaust\u201c (steht f\u00fcr alle Hand- und Armtechniken),<\/li>\n<li><i>do<\/i> = \u201eWeg\u201c, \u201eLehre\u201c (wie im Deutschen ist \u201eWeg\u201c auch als Methode oder Zielstreben zu verstehen; <i>Do<\/i> leitet sich vom chinesischen Begriff <i><a title=\"Dao\" href=\"https:\/\/de.wikipedia.org\/wiki\/Dao\">D\u00e0o<\/a><\/i> ab).<\/li>\n<\/ul>\n<p>Dies kann als \u201eDer Weg des Fu\u00df- und Faustkampfes\u201c oder auch als \u201eDer Weg mit Fu\u00df und Faust\u201c interpretiert werden.<\/p>\n<p>Taekwondo entwickelte sich nach der <a title=\"Korea unter japanischer Herrschaft\" href=\"https:\/\/de.wikipedia.org\/wiki\/Korea_unter_japanischer_Herrschaft\">japanischen Herrschaft in Korea<\/a>, die bis 1945 dauerte, aus dem japanischen <a title=\"Karate\" href=\"https:\/\/de.wikipedia.org\/wiki\/Karate\">Karate<\/a>.<\/p>\n<p>Der Begriff <i>Taekwondo<\/i> tauchte erstmals 1955 auf und wurde von General <a title=\"Choi Hong-hi\" href=\"https:\/\/de.wikipedia.org\/wiki\/Choi_Hong-hi\">Choi Hong-hi<\/a> (ITF) unter Einfluss des <a class=\"mw-redirect\" title=\"Shotokan\" href=\"https:\/\/de.wikipedia.org\/wiki\/Shotokan\">Shotokan<\/a>-Karate entwickelt. Sp\u00e4ter kristallisierten sich Taekwondo-Unterstile heraus. Weltweit gibt es haupts\u00e4chlich drei Taekwondo-Stile (ITF traditionell, ITF reformiert und WT), die sich in der Formaus\u00fcbung (<a title=\"Hyeong\" href=\"https:\/\/de.wikipedia.org\/wiki\/Hyeong\">Hyeong<\/a>, <a class=\"mw-redirect\" title=\"Tul (Taekwondo)\" href=\"https:\/\/de.wikipedia.org\/wiki\/Tul_(Taekwondo)\">Tul<\/a> und <a title=\"Pumsae\" href=\"https:\/\/de.wikipedia.org\/wiki\/Pumsae\">Pumsae<\/a>) und im sportlichen Kampf unterscheiden.<\/p>\n<p>Taekwondo als moderner Sport unterteilt sich in einzelne Disziplinen.<\/p>\n<ul>\n<li><b>Grundschule<\/b> (<i>Gibon Yeonseup<\/i>): \u00dcben einzelner Bewegungen und Techniken durch mehrfaches Wiederholen, ohne Gegner.<\/li>\n<li><b>Formenlauf<\/b> (<i>Teul<\/i>, <i>Hyeong<\/i>, <i>Pumsae (Taegeuk\/Palgue))<\/i>: festgelegte Techniken werden in vorgegebener Reihenfolge durchgef\u00fchrt.<\/li>\n<li><b>Einschrittkampf<\/b> (<i>Hanbon Gyeorugi<\/i>, <i>Ilbo Matsogi<\/i>, <i>Ilbo Daeryeon<\/i>): Ein \u00dcbungskampf mit festgelegter Technikenreihenfolge gegen einen Gegner. Neben dem Einschrittkampf gibt es auch noch den Zwei- und Dreischrittkampf (<i>Ibo- bzw. Sambo-Matsogi<\/i>, <i>Ibo- bzw. Sambo-Daeryeon<\/i>); sie haben eher untergeordnete Bedeutung.<\/li>\n<li><b>Bruchtest<\/b> (<i>Gyeokpa<\/i>): Zerst\u00f6ren von Holzbrettern, Ziegeln oder sonstigen Materialien mittels Taekwondo-Techniken.<\/li>\n<li><b>Freikampf<\/b> (<i>Daeryeon<\/i>, <i>Matsogi<\/i> oder <i>Gyeorugi<\/i>): Freier \u00dcbungs<a title=\"Kampf\" href=\"https:\/\/de.wikipedia.org\/wiki\/Kampf\">kampf<\/a> gegen einen Gegner.<\/li>\n<li><b>Wettkampf<\/b> (<i>Chayu Matsogi<\/i>): Leicht-, Semi- oder Vollkontaktkampf gegen einen Gegner.<\/li>\n<li><b>Selbstverteidigung<\/b> (<i>Hosinsul<\/i>): <a title=\"Selbstverteidigung\" href=\"https:\/\/de.wikipedia.org\/wiki\/Selbstverteidigung\">Selbstverteidigung<\/a> gegen einen oder mehrere unbewaffnete oder bewaffnete <a title=\"Gegner\" href=\"https:\/\/de.wikipedia.org\/wiki\/Gegner\">Gegner<\/a>.<\/li>\n<li><b>Gymnastik<\/b> (<i>Dosu Dallyon<\/i>)<\/li>\n<li><b>Theorie<\/b> (<i>Ilon<\/i>)<\/li>\n<\/ul>\n<p>Durch kontinuierliches Training und bewusste Aus\u00fcbung dieser Disziplinen soll der <i>Taekwondoin<\/i>, so wird ein Taekwondo-Betreibender genannt, seinen Geist schulen. General Choi Hong-hi, der Begr\u00fcnder des urspr\u00fcnglichen Taekwondos, hat dies in f\u00fcnf zu erreichenden Zielen zusammengefasst, die als \u201eGrunds\u00e4tze des Taekwondo\u201c gelten:<\/p>\n<ol>\n<li><strong><i>Ye-Ui<\/i>, die H\u00f6flichkeit<\/strong><\/li>\n<li><strong><i>Yom-Chi<\/i>, die Integrit\u00e4t<\/strong><\/li>\n<li><strong><i>In-Nae<\/i>, das Durchhalteverm\u00f6gen, die Geduld<\/strong><\/li>\n<li><strong><i>Guk-Gi<\/i>, die Selbstdisziplin<\/strong><\/li>\n<li><strong><i>Beakjul-bool-gul<\/i>, die Unbezwingbarkeit<\/strong><\/li>\n<\/ol>\n<p>Um diese Ziele zu erreichen, stellte Choi Hong-hi einen <a title=\"Eid\" href=\"https:\/\/de.wikipedia.org\/wiki\/Eid\">Eid<\/a> auf, dem sich alle Taekwondo-Sch\u00fcler verpflichtet f\u00fchlen sollen:<\/p>\n<ul>\n<li><i>Ich verpflichte mich, die Grunds\u00e4tze des Taekwondo einzuhalten<\/i><\/li>\n<li><i>Ich verpflichte mich, meinen Trainer und alle H\u00f6hergestellten zu achten<\/i><\/li>\n<li><i>Ich verpflichte mich, Taekwondo nie zu missbrauchen<\/i><\/li>\n<li><i>Ich verpflichte mich, mich f\u00fcr Freiheit und Gerechtigkeit einzusetzen<\/i><\/li>\n<li><i>Ich verpflichte mich, bei der Schaffung einer friedlicheren Welt mitzuarbeiten<\/i><\/li>\n<\/ul>\n<p style=\"text-align: right;\"><em>Quelle: www.wikipedia.de<\/em><\/p>\n<p>&nbsp;<\/p>\n<p>In den 1970er Jahren spaltete sich der damalige Taekwondo Verband und der urspr\u00fcngliche Gr\u00fcnder verlegte den Sitz seiner ITF nach Kanada. Im Zuge der ersten Weltmeisterschaften des Taekwondo in Seoul, wurde eben dort ein neuer Weltverband, das <strong>World Taekwondo<\/strong> (kurz: <strong>WT<\/strong>) gegr\u00fcndet.<br \/>\nDieser wurde nach diversen Streitigkeiten zwischen den beiden Weltverb\u00e4nden im Jahr 1980 vom Internationalen Olympischen Komitee (IOC) als Weltfachverband Taekwondo anerkannt.<\/p>\n<p>Seit dem Jahr 2000 ist das Taekwondo der WT\u00a0eine vollwertige olympische Disziplin, ihr geh\u00f6ren 191 Fachverb\u00e4nde mit mehr als 30 Millionen Sportlern an.<\/p>\n","protected":false},"excerpt":{"rendered":"<p>Taekwondo ist eine koreanische Kampfkunst, die oft als Kampfsport ausge\u00fcbt wird. Die drei Silben des Namens stehen f\u00fcr Fu\u00dftechnik (tae), Handtechnik (kwon) und Weg (do). Obwohl Taekwondo gro\u00dfe \u00c4hnlichkeiten mit anderen asiatischen Kampfsportarten aufweist, unterscheidet es sich in einigen wesentlichen Punkten von diesen. So ist die Taekwondo-Technik sehr auf Schnelligkeit und Dynamik ausgelegt, was nicht &hellip; <\/p>\n<p class=\"link-more\"><a href=\"https:\/\/www.korutaekwondo.de\/?page_id=893\" class=\"more-link\"><span class=\"screen-reader-text\">\u201eTaekwondo\u201c<\/span> weiterlesen<\/a><\/p>\n","protected":false},"author":2,"featured_media":0,"parent":0,"menu_order":0,"comment_status":"closed","ping_status":"closed","template":"","meta":[],"_links":{"self":[{"href":"https:\/\/www.korutaekwondo.de\/index.php?rest_route=\/wp\/v2\/pages\/893"}],"collection":[{"href":"https:\/\/www.korutaekwondo.de\/index.php?rest_route=\/wp\/v2\/pages"}],"about":[{"href":"https:\/\/www.korutaekwondo.de\/index.php?rest_route=\/wp\/v2\/types\/page"}],"author":[{"embeddable":true,"href":"https:\/\/www.korutaekwondo.de\/index.php?rest_route=\/wp\/v2\/users\/2"}],"replies":[{"embeddable":true,"href":"https:\/\/www.korutaekwondo.de\/index.php?rest_route=%2Fwp%2Fv2%2Fcomments&post=893"}],"version-history":[{"count":1,"href":"https:\/\/www.korutaekwondo.de\/index.php?rest_route=\/wp\/v2\/pages\/893\/revisions"}],"predecessor-version":[{"id":894,"href":"https:\/\/www.korutaekwondo.de\/index.php?rest_route=\/wp\/v2\/pages\/893\/revisions\/894"}],"wp:attachment":[{"href":"https:\/\/www.korutaekwondo.de\/index.php?rest_route=%2Fwp%2Fv2%2Fmedia&parent=893"}],"curies":[{"name":"wp","href":"https:\/\/api.w.org\/{rel}","templated":true}]}}