{"id":32,"date":"2015-01-15T13:12:54","date_gmt":"2015-01-15T13:12:54","guid":{"rendered":"http:\/\/www.taekwondo-elm.de\/?page_id=32"},"modified":"2023-06-15T18:10:30","modified_gmt":"2023-06-15T16:10:30","slug":"der-verein","status":"publish","type":"page","link":"https:\/\/www.korutaekwondo.de\/?page_id=32","title":{"rendered":"Der Verein"},"content":{"rendered":"<h3><\/h3>\n<p>Wir bieten jedem Interessierten die M\u00f6glichkeit Taekwondo zu erlernen. In\u00a0den von\u00a0unseren lizensierten Trainern oder \u00dcbungsleitern gef\u00fchrten Trainings werden die Werte und Techniken des Taekwondo vermittelt.<\/p>\n<p>Wenn Interesse an der Sportart Taekwondo besteht, einfach in bequemen Sportkleidern zu den jeweiligen Trainingszeiten in die entsprechende Halle kommen. Am besten 2, 3 Freunde mitbringen und einfach beim verantwortlichen Trainer melden.<br \/>\nWir empfehlen eine vorherige telefonische oder schriftliche Absprache unter +49 152 0202 88 41.<\/p>\n<p>Taekwondo ist eine sehr ko\u00ador\u00addi\u00adna\u00adtive Sportart, die den gesamten K\u00f6rper beansprucht. In unseren verschiedenen Trainingseinheiten werden die Sportler durch unsere ausgebildeten und lizenzierten Trainer entsprechend ihrer Alters und ihres Leistungsstandes individuell gef\u00f6rdert und gefordert.<br \/>\nAn erster Stelle steht der Spa\u00df an der Bewegung, dem Erlernen neuer F\u00e4higkeiten und der Gemeinschaft. F\u00fcr alle die den Sport intensiver und erfolgsorientiert aus\u00fcben m\u00f6chten stehen unsere T\u00fcren nat\u00fcrlich auch offen.<\/p>\n<p>Der Verein bietet die M\u00f6glichkeit leistungsorientiert zu trainieren. Nach WT(World Taekwondo) Regularien kann der olympische Vollkontakt Wettkampf erlernt werden. Mit zahlreichen nationalen und internationalen Erfolgen kann sich unser Trainerteam sowohl auf den ersten saarl\u00e4ndischen Deutschen Meister, Medaillen- und Turniersieger bei Weltranglistenturnieren und Bundeskader Athleten der saarl\u00e4ndischen Verbandsgeschichte berufen. In spezifischen Trainings werden Talente erkannt und speziell gef\u00f6rdert.<br \/>\nUnsere Wettkampf-Trainer in den Bereichen Poomsae(Formenlauf) und Kyorugi(Zweikampf) verf\u00fcgen \u00fcber nationale und internationale Erfahrung, sodass\u00a0 man sowohl als Freizeit-, als auch als Leistungssportler in einem der erfolgreichsten Vereine der Taekwondo Union Saar ein zu Hause finden kann.<\/p>\n","protected":false},"excerpt":{"rendered":"<p>Wir bieten jedem Interessierten die M\u00f6glichkeit Taekwondo zu erlernen. In\u00a0den von\u00a0unseren lizensierten Trainern oder \u00dcbungsleitern gef\u00fchrten Trainings werden die Werte und Techniken des Taekwondo vermittelt. Wenn Interesse an der Sportart Taekwondo besteht, einfach in bequemen Sportkleidern zu den jeweiligen Trainingszeiten in die entsprechende Halle kommen. Am besten 2, 3 Freunde mitbringen und einfach beim verantwortlichen &hellip; <\/p>\n<p class=\"link-more\"><a href=\"https:\/\/www.korutaekwondo.de\/?page_id=32\" class=\"more-link\"><span class=\"screen-reader-text\">\u201eDer Verein\u201c<\/span> weiterlesen<\/a><\/p>\n","protected":false},"author":2,"featured_media":0,"parent":0,"menu_order":0,"comment_status":"closed","ping_status":"open","template":"","meta":[],"_links":{"self":[{"href":"https:\/\/www.korutaekwondo.de\/index.php?rest_route=\/wp\/v2\/pages\/32"}],"collection":[{"href":"https:\/\/www.korutaekwondo.de\/index.php?rest_route=\/wp\/v2\/pages"}],"about":[{"href":"https:\/\/www.korutaekwondo.de\/index.php?rest_route=\/wp\/v2\/types\/page"}],"author":[{"embeddable":true,"href":"https:\/\/www.korutaekwondo.de\/index.php?rest_route=\/wp\/v2\/users\/2"}],"replies":[{"embeddable":true,"href":"https:\/\/www.korutaekwondo.de\/index.php?rest_route=%2Fwp%2Fv2%2Fcomments&post=32"}],"version-history":[{"count":22,"href":"https:\/\/www.korutaekwondo.de\/index.php?rest_route=\/wp\/v2\/pages\/32\/revisions"}],"predecessor-version":[{"id":1635,"href":"https:\/\/www.korutaekwondo.de\/index.php?rest_route=\/wp\/v2\/pages\/32\/revisions\/1635"}],"wp:attachment":[{"href":"https:\/\/www.korutaekwondo.de\/index.php?rest_route=%2Fwp%2Fv2%2Fmedia&parent=32"}],"curies":[{"name":"wp","href":"https:\/\/api.w.org\/{rel}","templated":true}]}}