{"id":1438,"date":"2021-06-14T12:53:09","date_gmt":"2021-06-14T10:53:09","guid":{"rendered":"https:\/\/www.korutaekwondo.de\/?page_id=1438"},"modified":"2021-06-14T12:54:16","modified_gmt":"2021-06-14T10:54:16","slug":"ueber-uns","status":"publish","type":"page","link":"https:\/\/www.korutaekwondo.de\/?page_id=1438","title":{"rendered":"\u00dcber Uns"},"content":{"rendered":"\n<figure class=\"wp-block-image\"><a href=\"https:\/\/www.korutaekwondo.de\/wp-content\/uploads\/2020\/08\/COLOR.png\"><img loading=\"lazy\" width=\"271\" height=\"300\" src=\"https:\/\/www.korutaekwondo.de\/wp-content\/uploads\/2020\/08\/COLOR-271x300.png\" alt=\"\" class=\"wp-image-1400\" srcset=\"https:\/\/www.korutaekwondo.de\/wp-content\/uploads\/2020\/08\/COLOR-271x300.png 271w, https:\/\/www.korutaekwondo.de\/wp-content\/uploads\/2020\/08\/COLOR-768x852.png 768w, https:\/\/www.korutaekwondo.de\/wp-content\/uploads\/2020\/08\/COLOR-923x1024.png 923w, https:\/\/www.korutaekwondo.de\/wp-content\/uploads\/2020\/08\/COLOR-600x665.png 600w, https:\/\/www.korutaekwondo.de\/wp-content\/uploads\/2020\/08\/COLOR.png 974w\" sizes=\"(max-width: 271px) 100vw, 271px\" \/><\/a><\/figure>\n\n\n\n<p>Das &#8222;Team Kimera&#8220; ist eine Abteilung des KORU Taekwondo,<br>deren Ziel die spezifische Ausbildung im Olympischen Taekwondo ist. Kimera repr\u00e4sentiert den Verein auf nationalen und internationalen Wettk\u00e4mpfen und entsprechenden Lehrg\u00e4ngen.<\/p>\n\n\n\n<p>Das leistungsorientierte Training dient dem Ziel der Positionierung der Sportler in Landes- und Bundeskader.<br>Eine Ausbildung im olympischen Taekwondo ist allerdings auch ohne regelm\u00e4\u00dfige Teilnahme an Turnieren m\u00f6glich, sodass man dem Team auch zur Steigerung der k\u00f6rperlichen und emotionalen Leistungsf\u00e4higkeit beitreten kann.<\/p>\n\n\n\n<p>Ein paar Eckpunkte und Richtlinien des Team Kimera:<\/p>\n\n\n\n<ul><li>Durch gute, spezifische Ausbildung kann auch die Qualit\u00e4t im traditionellen Training verbessert werden.<\/li><li>Der Spa\u00df am Training steht im Vordergrund, niemand wird zur Teilnahme an Wettk\u00e4mpfen gezwungen, aber die Bereitschaft im Training zu k\u00e4mpfen muss gegeben sein.<\/li><li>Der Respekt wird von den Trainern gezollt, dementsprechend soll Ihnen dieser auch entgegengebracht werden.<\/li><li>Die Disziplin im Training und au\u00dferhalb des Trainings wird gefordert und gef\u00f6rdert.<\/li><\/ul>\n","protected":false},"excerpt":{"rendered":"<p>Das &#8222;Team Kimera&#8220; ist eine Abteilung des KORU Taekwondo,deren Ziel die spezifische Ausbildung im Olympischen Taekwondo ist. Kimera repr\u00e4sentiert den Verein auf nationalen und internationalen Wettk\u00e4mpfen und entsprechenden Lehrg\u00e4ngen. Das leistungsorientierte Training dient dem Ziel der Positionierung der Sportler in Landes- und Bundeskader.Eine Ausbildung im olympischen Taekwondo ist allerdings auch ohne regelm\u00e4\u00dfige Teilnahme an Turnieren &hellip; <\/p>\n<p class=\"link-more\"><a href=\"https:\/\/www.korutaekwondo.de\/?page_id=1438\" class=\"more-link\"><span class=\"screen-reader-text\">\u201e\u00dcber Uns\u201c<\/span> weiterlesen<\/a><\/p>\n","protected":false},"author":2,"featured_media":0,"parent":912,"menu_order":0,"comment_status":"closed","ping_status":"closed","template":"","meta":[],"_links":{"self":[{"href":"https:\/\/www.korutaekwondo.de\/index.php?rest_route=\/wp\/v2\/pages\/1438"}],"collection":[{"href":"https:\/\/www.korutaekwondo.de\/index.php?rest_route=\/wp\/v2\/pages"}],"about":[{"href":"https:\/\/www.korutaekwondo.de\/index.php?rest_route=\/wp\/v2\/types\/page"}],"author":[{"embeddable":true,"href":"https:\/\/www.korutaekwondo.de\/index.php?rest_route=\/wp\/v2\/users\/2"}],"replies":[{"embeddable":true,"href":"https:\/\/www.korutaekwondo.de\/index.php?rest_route=%2Fwp%2Fv2%2Fcomments&post=1438"}],"version-history":[{"count":1,"href":"https:\/\/www.korutaekwondo.de\/index.php?rest_route=\/wp\/v2\/pages\/1438\/revisions"}],"predecessor-version":[{"id":1439,"href":"https:\/\/www.korutaekwondo.de\/index.php?rest_route=\/wp\/v2\/pages\/1438\/revisions\/1439"}],"up":[{"embeddable":true,"href":"https:\/\/www.korutaekwondo.de\/index.php?rest_route=\/wp\/v2\/pages\/912"}],"wp:attachment":[{"href":"https:\/\/www.korutaekwondo.de\/index.php?rest_route=%2Fwp%2Fv2%2Fmedia&parent=1438"}],"curies":[{"name":"wp","href":"https:\/\/api.w.org\/{rel}","templated":true}]}}